{"id":10,"date":"2017-12-18T20:54:46","date_gmt":"2017-12-18T19:54:46","guid":{"rendered":"http:\/\/locationlesrousses.com\/?page_id=10"},"modified":"2017-12-27T18:33:26","modified_gmt":"2017-12-27T17:33:26","slug":"accueil","status":"publish","type":"page","link":"https:\/\/locationlesrousses.com\/index.php\/accueil\/","title":{"rendered":"Une nature secr\u00e8te"},"content":{"rendered":"<p style=\"text-align: center;\">Celle qui s\u00e9duit d\u00e8s le premier regard mais qui ne d\u00e9voile qu&#8217;\u00e0 l\u2019\u0153il attentif tous ses attraits.<\/p>\n<p style=\"text-align: center;\">N&#8217;h\u00e9sitez pas !<br \/>\nVenez d\u00e9couvrir le Parc r\u00e9gional du Haut-Jura&#8230;<\/p>\n<p style=\"text-align: center;\">Lacs, cascades, rivi\u00e8res et torrents, p\u00e2turages, for\u00eats bleut\u00e9es de conif\u00e8res, sentiers ou<br \/>\ngrands chemins de randonn\u00e9e vous offriront les loisirs que vous aimez.<\/p>\n","protected":false},"excerpt":{"rendered":"<p>Celle qui s\u00e9duit d\u00e8s le premier regard mais qui ne d\u00e9voile qu&#8217;\u00e0 l\u2019\u0153il attentif tous&#8230;<\/p>\n<div class=\"more-link-wrapper\"><a class=\"more-link\" href=\"https:\/\/locationlesrousses.com\/index.php\/accueil\/\">Read the post<span class=\"screen-reader-text\">Une nature secr\u00e8te<\/span><\/a><\/div>\n","protected":false},"author":1,"featured_media":65,"parent":0,"menu_order":0,"comment_status":"closed","ping_status":"closed","template":"","meta":[],"_links":{"self":[{"href":"https:\/\/locationlesrousses.com\/index.php\/wp-json\/wp\/v2\/pages\/10"}],"collection":[{"href":"https:\/\/locationlesrousses.com\/index.php\/wp-json\/wp\/v2\/pages"}],"about":[{"href":"https:\/\/locationlesrousses.com\/index.php\/wp-json\/wp\/v2\/types\/page"}],"author":[{"embeddable":true,"href":"https:\/\/locationlesrousses.com\/index.php\/wp-json\/wp\/v2\/users\/1"}],"replies":[{"embeddable":true,"href":"https:\/\/locationlesrousses.com\/index.php\/wp-json\/wp\/v2\/comments?post=10"}],"version-history":[{"count":5,"href":"https:\/\/locationlesrousses.com\/index.php\/wp-json\/wp\/v2\/pages\/10\/revisions"}],"predecessor-version":[{"id":123,"href":"https:\/\/locationlesrousses.com\/index.php\/wp-json\/wp\/v2\/pages\/10\/revisions\/123"}],"wp:featuredmedia":[{"embeddable":true,"href":"https:\/\/locationlesrousses.com\/index.php\/wp-json\/wp\/v2\/media\/65"}],"wp:attachment":[{"href":"https:\/\/locationlesrousses.com\/index.php\/wp-json\/wp\/v2\/media?parent=10"}],"curies":[{"name":"wp","href":"https:\/\/api.w.org\/{rel}","templated":true}]}}