{"id":14,"date":"2017-12-18T20:54:46","date_gmt":"2017-12-18T19:54:46","guid":{"rendered":"http:\/\/locationlesrousses.com\/?page_id=14"},"modified":"2020-12-01T12:51:32","modified_gmt":"2020-12-01T11:51:32","slug":"une-section-de-page-daccueil","status":"publish","type":"page","link":"https:\/\/locationlesrousses.com\/index.php\/une-section-de-page-daccueil\/","title":{"rendered":"Comment r\u00e9server ?"},"content":{"rendered":"<div class=\"wp-menu-arrow\">\n<div><p>Calendar does not exist.<\/p><\/div>\n<\/div>\n<p>Cliquez sur le bouton &#8220;R\u00e9server&#8221; ci-dessous et indiquez-nous vos dates. Nous vous r\u00e9pondrons tr\u00e8s rapidement en confirmant la disponibilit\u00e9 de l&#8217;appartement.<\/p>\n<p>Votre r\u00e9servation ne sera effective qu&#8217;apr\u00e8s notre confirmation et le renvoi du contrat de location par vos soins.<br>Merci de votre compr\u00e9hension.<\/p>\n\n\n<div class=\"wp-block-group\"><div class=\"wp-block-group__inner-container\">\n<div class=\"wp-block-buttons\">\n<div class=\"wp-block-button is-style-outline\"><a class=\"wp-block-button__link\" href=\"mailto:lerepaireduloupblanc@orange.fr\"><span class=\"has-inline-color has-vivid-green-cyan-color\">R\u00e9server<\/span><\/a><\/div>\n<\/div>\n<\/div><\/div>\n\n\n\n<div class=\"wp-block-buttons\"><\/div>\n\n\n\n<div class=\"wp-block-buttons\"><\/div>\n","protected":false},"excerpt":{"rendered":"<p>Cliquez sur le bouton &#8220;R\u00e9server&#8221; ci-dessous et indiquez-nous vos dates. Nous vous r\u00e9pondrons tr\u00e8s rapidement&#8230;<\/p>\n<div class=\"more-link-wrapper\"><a class=\"more-link\" href=\"https:\/\/locationlesrousses.com\/index.php\/une-section-de-page-daccueil\/\">Read the post<span class=\"screen-reader-text\">Comment r\u00e9server ?<\/span><\/a><\/div>\n","protected":false},"author":1,"featured_media":127,"parent":0,"menu_order":0,"comment_status":"closed","ping_status":"closed","template":"","meta":[],"_links":{"self":[{"href":"https:\/\/locationlesrousses.com\/index.php\/wp-json\/wp\/v2\/pages\/14"}],"collection":[{"href":"https:\/\/locationlesrousses.com\/index.php\/wp-json\/wp\/v2\/pages"}],"about":[{"href":"https:\/\/locationlesrousses.com\/index.php\/wp-json\/wp\/v2\/types\/page"}],"author":[{"embeddable":true,"href":"https:\/\/locationlesrousses.com\/index.php\/wp-json\/wp\/v2\/users\/1"}],"replies":[{"embeddable":true,"href":"https:\/\/locationlesrousses.com\/index.php\/wp-json\/wp\/v2\/comments?post=14"}],"version-history":[{"count":9,"href":"https:\/\/locationlesrousses.com\/index.php\/wp-json\/wp\/v2\/pages\/14\/revisions"}],"predecessor-version":[{"id":176,"href":"https:\/\/locationlesrousses.com\/index.php\/wp-json\/wp\/v2\/pages\/14\/revisions\/176"}],"wp:featuredmedia":[{"embeddable":true,"href":"https:\/\/locationlesrousses.com\/index.php\/wp-json\/wp\/v2\/media\/127"}],"wp:attachment":[{"href":"https:\/\/locationlesrousses.com\/index.php\/wp-json\/wp\/v2\/media?parent=14"}],"curies":[{"name":"wp","href":"https:\/\/api.w.org\/{rel}","templated":true}]}}