{"id":34,"date":"2017-12-20T10:29:24","date_gmt":"2017-12-20T09:29:24","guid":{"rendered":"http:\/\/locationlesrousses.com\/?page_id=34"},"modified":"2017-12-21T18:50:58","modified_gmt":"2017-12-21T17:50:58","slug":"bienvenue","status":"publish","type":"page","link":"https:\/\/locationlesrousses.com\/","title":{"rendered":"Bienvenue"},"content":{"rendered":"<p style=\"text-align: center;\">Le repaire du Loup blanc vous accueille l&#8217;hiver et l&#8217;\u00e9t\u00e9.<\/p>\n<p style=\"text-align: center;\">Situ\u00e9 au c\u0153ur des domaines alpin et nordique, il vous donne acc\u00e8s, skis aux pieds,<br \/>\n\u00e0 tout le domaine skiable de la station des Rousses.<\/p>\n<p style=\"text-align: center;\">L&#8217;\u00e9t\u00e9, vous profitez des chemins de randonn\u00e9e et de la tranquillit\u00e9 d&#8217;un site pr\u00e9serv\u00e9.<\/p>\n","protected":false},"excerpt":{"rendered":"<p>Le repaire du Loup blanc vous accueille l&#8217;hiver et l&#8217;\u00e9t\u00e9. Situ\u00e9 au c\u0153ur des domaines&#8230;<\/p>\n<div class=\"more-link-wrapper\"><a class=\"more-link\" href=\"https:\/\/locationlesrousses.com\/\">Read the post<span class=\"screen-reader-text\">Bienvenue<\/span><\/a><\/div>\n","protected":false},"author":1,"featured_media":0,"parent":0,"menu_order":0,"comment_status":"closed","ping_status":"closed","template":"","meta":[],"_links":{"self":[{"href":"https:\/\/locationlesrousses.com\/index.php\/wp-json\/wp\/v2\/pages\/34"}],"collection":[{"href":"https:\/\/locationlesrousses.com\/index.php\/wp-json\/wp\/v2\/pages"}],"about":[{"href":"https:\/\/locationlesrousses.com\/index.php\/wp-json\/wp\/v2\/types\/page"}],"author":[{"embeddable":true,"href":"https:\/\/locationlesrousses.com\/index.php\/wp-json\/wp\/v2\/users\/1"}],"replies":[{"embeddable":true,"href":"https:\/\/locationlesrousses.com\/index.php\/wp-json\/wp\/v2\/comments?post=34"}],"version-history":[{"count":3,"href":"https:\/\/locationlesrousses.com\/index.php\/wp-json\/wp\/v2\/pages\/34\/revisions"}],"predecessor-version":[{"id":43,"href":"https:\/\/locationlesrousses.com\/index.php\/wp-json\/wp\/v2\/pages\/34\/revisions\/43"}],"wp:attachment":[{"href":"https:\/\/locationlesrousses.com\/index.php\/wp-json\/wp\/v2\/media?parent=34"}],"curies":[{"name":"wp","href":"https:\/\/api.w.org\/{rel}","templated":true}]}}